{"id":5045,"date":"2025-09-30T10:50:13","date_gmt":"2025-09-30T08:50:13","guid":{"rendered":"https:\/\/www.ell-group.com\/european-union-%f0%9f%87%aa%f0%9f%87%ba\/kpo-pl\/"},"modified":"2025-09-30T10:50:13","modified_gmt":"2025-09-30T08:50:13","slug":"kpo-pl","status":"publish","type":"page","link":"https:\/\/www.ell-group.com\/en\/kpo-pl\/","title":{"rendered":"KPO (pl)"},"content":{"rendered":"<p class=\"p1\"><img loading=\"lazy\" decoding=\"async\" class=\"alignnone size-full wp-image-5038\" src=\"https:\/\/www.ell-group.com\/wp-content\/uploads\/2025\/09\/KPO-Logos.jpg\" alt=\"\" width=\"1200\" height=\"155\" srcset=\"https:\/\/www.ell-group.com\/wp-content\/uploads\/2025\/09\/KPO-Logos.jpg 1200w, https:\/\/www.ell-group.com\/wp-content\/uploads\/2025\/09\/KPO-Logos-300x39.jpg 300w, https:\/\/www.ell-group.com\/wp-content\/uploads\/2025\/09\/KPO-Logos-1024x132.jpg 1024w, https:\/\/www.ell-group.com\/wp-content\/uploads\/2025\/09\/KPO-Logos-768x99.jpg 768w, https:\/\/www.ell-group.com\/wp-content\/uploads\/2025\/09\/KPO-Logos-705x91.jpg 705w\" sizes=\"auto, (max-width: 1200px) 100vw, 1200px\" \/><\/p>\n<h2 class=\"p2\">KPO &#8211; Zakup 2 zeroemisyjnych elektrycznych lokomotyw trakcyjnych<b><\/b><\/h2>\n<p class=\"p3\">Przedsi\u0119wzi\u0119cie pn. &#8220;Zakup 2 zeroemisyjnych elektrycznych lokomotyw trakcyjnych przeznaczonych do prowadzenia transportu Intermodalnego, nr KPOD.09.09-IW.02-0034\/24-00&#8221; w ramach Inwestycji: E2.1.3. transport intermodalny, Krajowego Planu Odbudowy i Zwi\u0119kszania Odporno\u015bci.  <\/p>\n<p class=\"p3\">Celem Przedsi\u0119wzi\u0119cia jest zwi\u0119kszenie konkurencyjno\u015bci i efektywno\u015bci transportu intermodalnego oraz rozszerzenie jego wykorzystania w og\u00f3lnych przewozach towarowych dzi\u0119ki zakupowi 2 zeroemisyjnych elektrycznych lokomotyw trakcyjnych przeznaczonych do prowadzenia transportu intermodalnego. Zakup specjalistycznego taboru wp\u0142ynie na popraw\u0119 jako\u015bci obs\u0142ugi po\u0142\u0105cze\u0144 intermodalnych a zakupione lokomotywy b\u0119d\u0105 mia\u0142y dopuszczenie do ruchu w innych europejskich krajach m.in. w Niemczech, Austrii, W\u0142oszech, Czechach, S\u0142owacji, W\u0119grzech,Rumunii,S\u0142owenii,Chorwacji.  <\/p>\n<p class=\"p3\"><b>No. Projectu:<\/b> KPOD.09.09-IW.02-0034\/24-00<\/p>\n<p class=\"p3\"><b>Dofinansowanie:<\/b> PLN 22,154,900.00<\/p>\n<p class=\"p3\"><b>Ca\u0142kowita warto\u015b\u0107 projektu<\/b>: PLN 54 501 054.00<\/p>\n<p class=\"p3\"><b>Ostateczny Odbiorca Wsparcia:<\/b> ELL Polska Asset Sp. z o.o.<\/p>\n<h3 class=\"p3\">Nieprawid\u0142owo\u015bci mo\u017cna zg\u0142asza\u0107 w nast\u0119puj\u0105cy spos\u00f3b:<b><\/b><\/h3>\n<ul class=\"ul1\">\n<li class=\"li3\">w postaci elektronicznej &#8211; za po\u015brednictwem dedykowanego formularza zg\u0142oszeniowego znajduj\u0105cego si\u0119 na stronie: <a href=\"https:\/\/sygnalista.cupt.gov.pl\/\"><span class=\"s2\">https:\/\/sygnalista.cupt.gov.pl\/<\/span><\/a> , kt\u00f3ry zapewnia anonimowo\u015b\u0107 oraz umo\u017cliwia przekazywanie korespondencji lub dedykowanego adresu poczty elektronicznej: <a href=\"&#109;&#x61;&#105;&#x6c;t&#x6f;:&#110;&#x61;&#100;&#x75;&#122;&#x79;c&#x69;a&#64;&#x63;&#117;&#x70;t&#x2e;g&#x6f;&#x76;&#46;&#x70;&#108;\"><span class=\"s2\">&#x6e;a&#x64;&#117;z&#x79;&#99;&#x69;&#97;&#64;&#x63;&#117;&#x70;&#116;&#46;&#x67;&#111;&#x76;&#x2e;p&#x6c;<\/span><\/a> lub<\/li>\n<li class=\"li3\">w postaci papierowej &#8211; zg\u0142oszenie nale\u017cy przes\u0142a\u0107 na adres: CUPT, Plac Europejski 2, 00-844 Warszawa, a na kopercie umie\u015bci\u0107 dopisek: &#8220;Zg\u0142oszenie nieprawid\u0142owo\u015bci&#8221; lub<\/li>\n<li class=\"li3\">ustnie &#8211; telefonicznie pod nr telefonu +48 532 357 393 lub za po\u015brednictwem bezpo\u015brednich spotka\u0144 po wcze\u015bniejszym um\u00f3wieniu spotkania.<\/li>\n<\/ul>\n<p class=\"p3\">CUPT rozpatruje zg\u0142oszenia dotycz\u0105ce projekt\u00f3w z zakresu transportu m. in. <b>w ramach Krajowego Planu Odbudowy i Zwi\u0119kszania Odporno\u015bci (KPO)<\/b>, a tak\u017ce zg\u0142oszenia dotycz\u0105ce podejrzenia naruszenia przepis\u00f3w prawa powszechnie obowi\u0105zuj\u0105cego czy wewn\u0119trznych przepis\u00f3w oraz regu\u0142 funkcjonowania w CUPT.<\/p>\n<p class=\"p3\">Zg\u0142oszenia mo\u017cna dokona\u0107 anonimowo &#8211; takie zg\u0142oszenia b\u0119d\u0105 rozpatrywane, jednak w przypadku zg\u0142osze\u0144, kt\u00f3re b\u0119d\u0105 niepe\u0142ne i nie b\u0119dzie mo\u017cliwo\u015bci kontaktu z osob\u0105 dokonuj\u0105c\u0105 zg\u0142oszenia w celu uzupe\u0142nienia informacji, istnieje ryzyko, \u017ce takie zg\u0142oszenie nie b\u0119dzie mog\u0142o zosta\u0107 wyja\u015bnione.<\/p>\n<p class=\"p3\">Ka\u017cde zg\u0142oszenie podlega ochronie przed udost\u0119pnieniem osobom nieuprawnionym. Zg\u0142oszenie odbierze wyznaczony pracownik Departamentu Kontroli i Audytu. Dane osoby zg\u0142aszaj\u0105cej podlegaj\u0105 ochronie w trakcie oraz po zako\u0144czeniu post\u0119powania, a osoby rozpatruj\u0105ce zg\u0142oszenie powstrzymuj\u0105 si\u0119 przed ustalaniem personali\u00f3w osoby, kt\u00f3ra przekaza\u0142a zg\u0142oszenie o nieprawid\u0142owo\u015bci w spos\u00f3b anonimowy.  <\/p>\n<p class=\"p3\">Wszystkie zg\u0142oszenia b\u0119d\u0105 skrupulatnie rozpatrywane zgodnie z wewn\u0119trznymi procedurami CUPT oraz przepisami prawa powszechnie obowi\u0105zuj\u0105cego.<\/p>\n<p class=\"p4\"><span class=\"s3\"><i>Wi\u0119cej informacji na stronie: <\/i><a href=\"https:\/\/www.cupt.gov.pl\/kontakt\/zglaszanie-nieprawidlowosci\/\"><span class=\"s2\"><i>https:\/\/www.cupt.gov.pl\/kontakt\/zglaszanie-nieprawidlowosci\/<\/i><i><\/i><\/span><\/a><\/span><\/p>\n","protected":false},"excerpt":{"rendered":"<p>KPO &#8211; Zakup 2 zeroemisyjnych elektrycznych lokomotyw trakcyjnych Przedsi\u0119wzi\u0119cie pn. &#8220;Zakup 2 zeroemisyjnych elektrycznych lokomotyw trakcyjnych przeznaczonych do prowadzenia transportu Intermodalnego, nr KPOD.09.09-IW.02-0034\/24-00&#8221; w ramach Inwestycji: E2.1.3. transport intermodalny, Krajowego Planu Odbudowy i Zwi\u0119kszania Odporno\u015bci. Celem Przedsi\u0119wzi\u0119cia jest zwi\u0119kszenie konkurencyjno\u015bci i efektywno\u015bci transportu intermodalnego oraz rozszerzenie jego wykorzystania w og\u00f3lnych przewozach towarowych dzi\u0119ki zakupowi 2 [&hellip;]<\/p>\n","protected":false},"author":8,"featured_media":0,"parent":0,"menu_order":0,"comment_status":"closed","ping_status":"closed","template":"","meta":{"_acf_changed":false,"inline_featured_image":false,"footnotes":""},"class_list":["post-5045","page","type-page","status-publish","hentry"],"acf":[],"yoast_head":"<!-- This site is optimized with the Yoast SEO plugin v27.3 - https:\/\/yoast.com\/product\/yoast-seo-wordpress\/ -->\n<title>KPO (pl) - ELL Austria<\/title>\n<meta name=\"robots\" content=\"index, follow, max-snippet:-1, max-image-preview:large, max-video-preview:-1\" \/>\n<link rel=\"canonical\" href=\"https:\/\/www.ell-group.com\/en\/kpo-pl\/\" \/>\n<meta property=\"og:locale\" content=\"en_US\" \/>\n<meta property=\"og:type\" content=\"article\" \/>\n<meta property=\"og:title\" content=\"KPO (pl) - ELL Austria\" \/>\n<meta property=\"og:description\" content=\"KPO &#8211; Zakup 2 zeroemisyjnych elektrycznych lokomotyw trakcyjnych Przedsi\u0119wzi\u0119cie pn. &#8220;Zakup 2 zeroemisyjnych elektrycznych lokomotyw trakcyjnych przeznaczonych do prowadzenia transportu Intermodalnego, nr KPOD.09.09-IW.02-0034\/24-00&#8221; w ramach Inwestycji: E2.1.3. transport intermodalny, Krajowego Planu Odbudowy i Zwi\u0119kszania Odporno\u015bci. Celem Przedsi\u0119wzi\u0119cia jest zwi\u0119kszenie konkurencyjno\u015bci i efektywno\u015bci transportu intermodalnego oraz rozszerzenie jego wykorzystania w og\u00f3lnych przewozach towarowych dzi\u0119ki zakupowi 2 [&hellip;]\" \/>\n<meta property=\"og:url\" content=\"https:\/\/www.ell-group.com\/en\/kpo-pl\/\" \/>\n<meta property=\"og:site_name\" content=\"ELL Austria\" \/>\n<meta property=\"og:image\" content=\"https:\/\/www.ell-group.com\/wp-content\/uploads\/2025\/09\/KPO-Logos.jpg\" \/>\n<meta name=\"twitter:card\" content=\"summary_large_image\" \/>\n<meta name=\"twitter:label1\" content=\"Est. reading time\" \/>\n\t<meta name=\"twitter:data1\" content=\"2 minutes\" \/>\n<script type=\"application\/ld+json\" class=\"yoast-schema-graph\">{\n\t    \"@context\": \"https:\\\/\\\/schema.org\",\n\t    \"@graph\": [\n\t        {\n\t            \"@type\": \"WebPage\",\n\t            \"@id\": \"https:\\\/\\\/www.ell-group.com\\\/en\\\/kpo-pl\\\/\",\n\t            \"url\": \"https:\\\/\\\/www.ell-group.com\\\/en\\\/kpo-pl\\\/\",\n\t            \"name\": \"KPO (pl) - ELL Austria\",\n\t            \"isPartOf\": {\n\t                \"@id\": \"https:\\\/\\\/www.ell-group.com\\\/en\\\/#website\"\n\t            },\n\t            \"primaryImageOfPage\": {\n\t                \"@id\": \"https:\\\/\\\/www.ell-group.com\\\/en\\\/kpo-pl\\\/#primaryimage\"\n\t            },\n\t            \"image\": {\n\t                \"@id\": \"https:\\\/\\\/www.ell-group.com\\\/en\\\/kpo-pl\\\/#primaryimage\"\n\t            },\n\t            \"thumbnailUrl\": \"https:\\\/\\\/www.ell-group.com\\\/wp-content\\\/uploads\\\/2025\\\/09\\\/KPO-Logos.jpg\",\n\t            \"datePublished\": \"2025-09-30T08:50:13+00:00\",\n\t            \"breadcrumb\": {\n\t                \"@id\": \"https:\\\/\\\/www.ell-group.com\\\/en\\\/kpo-pl\\\/#breadcrumb\"\n\t            },\n\t            \"inLanguage\": \"en-US\",\n\t            \"potentialAction\": [\n\t                {\n\t                    \"@type\": \"ReadAction\",\n\t                    \"target\": [\n\t                        \"https:\\\/\\\/www.ell-group.com\\\/en\\\/kpo-pl\\\/\"\n\t                    ]\n\t                }\n\t            ]\n\t        },\n\t        {\n\t            \"@type\": \"ImageObject\",\n\t            \"inLanguage\": \"en-US\",\n\t            \"@id\": \"https:\\\/\\\/www.ell-group.com\\\/en\\\/kpo-pl\\\/#primaryimage\",\n\t            \"url\": \"https:\\\/\\\/www.ell-group.com\\\/wp-content\\\/uploads\\\/2025\\\/09\\\/KPO-Logos.jpg\",\n\t            \"contentUrl\": \"https:\\\/\\\/www.ell-group.com\\\/wp-content\\\/uploads\\\/2025\\\/09\\\/KPO-Logos.jpg\"\n\t        },\n\t        {\n\t            \"@type\": \"BreadcrumbList\",\n\t            \"@id\": \"https:\\\/\\\/www.ell-group.com\\\/en\\\/kpo-pl\\\/#breadcrumb\",\n\t            \"itemListElement\": [\n\t                {\n\t                    \"@type\": \"ListItem\",\n\t                    \"position\": 1,\n\t                    \"name\": \"Startseite\",\n\t                    \"item\": \"https:\\\/\\\/www.ell-group.com\\\/en\\\/home\\\/\"\n\t                },\n\t                {\n\t                    \"@type\": \"ListItem\",\n\t                    \"position\": 2,\n\t                    \"name\": \"European Union \ud83c\uddea\ud83c\uddfa\",\n\t                    \"item\": \"https:\\\/\\\/www.ell-group.com\\\/en\\\/?page_id=5044\"\n\t                },\n\t                {\n\t                    \"@type\": \"ListItem\",\n\t                    \"position\": 3,\n\t                    \"name\": \"KPO (pl)\"\n\t                }\n\t            ]\n\t        },\n\t        {\n\t            \"@type\": \"WebSite\",\n\t            \"@id\": \"https:\\\/\\\/www.ell-group.com\\\/en\\\/#website\",\n\t            \"url\": \"https:\\\/\\\/www.ell-group.com\\\/en\\\/\",\n\t            \"name\": \"Ell Group\",\n\t            \"description\": \"European Locomotive Leasing\",\n\t            \"publisher\": {\n\t                \"@id\": \"https:\\\/\\\/www.ell-group.com\\\/en\\\/#organization\"\n\t            },\n\t            \"potentialAction\": [\n\t                {\n\t                    \"@type\": \"SearchAction\",\n\t                    \"target\": {\n\t                        \"@type\": \"EntryPoint\",\n\t                        \"urlTemplate\": \"https:\\\/\\\/www.ell-group.com\\\/en\\\/?s={search_term_string}\"\n\t                    },\n\t                    \"query-input\": {\n\t                        \"@type\": \"PropertyValueSpecification\",\n\t                        \"valueRequired\": true,\n\t                        \"valueName\": \"search_term_string\"\n\t                    }\n\t                }\n\t            ],\n\t            \"inLanguage\": \"en-US\"\n\t        },\n\t        {\n\t            \"@type\": \"Organization\",\n\t            \"@id\": \"https:\\\/\\\/www.ell-group.com\\\/en\\\/#organization\",\n\t            \"name\": \"Ell Austria GmbH\",\n\t            \"url\": \"https:\\\/\\\/www.ell-group.com\\\/en\\\/\",\n\t            \"logo\": {\n\t                \"@type\": \"ImageObject\",\n\t                \"inLanguage\": \"en-US\",\n\t                \"@id\": \"https:\\\/\\\/www.ell-group.com\\\/en\\\/#\\\/schema\\\/logo\\\/image\\\/\",\n\t                \"url\": \"https:\\\/\\\/www.ell-group.com\\\/wp-content\\\/uploads\\\/2024\\\/04\\\/ell-logo-quadrat.jpeg\",\n\t                \"contentUrl\": \"https:\\\/\\\/www.ell-group.com\\\/wp-content\\\/uploads\\\/2024\\\/04\\\/ell-logo-quadrat.jpeg\",\n\t                \"width\": 337,\n\t                \"height\": 337,\n\t                \"caption\": \"Ell Austria GmbH\"\n\t            },\n\t            \"image\": {\n\t                \"@id\": \"https:\\\/\\\/www.ell-group.com\\\/en\\\/#\\\/schema\\\/logo\\\/image\\\/\"\n\t            },\n\t            \"sameAs\": [\n\t                \"https:\\\/\\\/www.linkedin.com\\\/company\\\/ell-european-locomotive-leasing\\\/\"\n\t            ]\n\t        }\n\t    ]\n\t}<\/script>\n<!-- \/ Yoast SEO plugin. -->","yoast_head_json":{"title":"KPO (pl) - ELL Austria","robots":{"index":"index","follow":"follow","max-snippet":"max-snippet:-1","max-image-preview":"max-image-preview:large","max-video-preview":"max-video-preview:-1"},"canonical":"https:\/\/www.ell-group.com\/en\/kpo-pl\/","og_locale":"en_US","og_type":"article","og_title":"KPO (pl) - ELL Austria","og_description":"KPO &#8211; Zakup 2 zeroemisyjnych elektrycznych lokomotyw trakcyjnych Przedsi\u0119wzi\u0119cie pn. &#8220;Zakup 2 zeroemisyjnych elektrycznych lokomotyw trakcyjnych przeznaczonych do prowadzenia transportu Intermodalnego, nr KPOD.09.09-IW.02-0034\/24-00&#8221; w ramach Inwestycji: E2.1.3. transport intermodalny, Krajowego Planu Odbudowy i Zwi\u0119kszania Odporno\u015bci. Celem Przedsi\u0119wzi\u0119cia jest zwi\u0119kszenie konkurencyjno\u015bci i efektywno\u015bci transportu intermodalnego oraz rozszerzenie jego wykorzystania w og\u00f3lnych przewozach towarowych dzi\u0119ki zakupowi 2 [&hellip;]","og_url":"https:\/\/www.ell-group.com\/en\/kpo-pl\/","og_site_name":"ELL Austria","og_image":[{"url":"https:\/\/www.ell-group.com\/wp-content\/uploads\/2025\/09\/KPO-Logos.jpg","type":"","width":"","height":""}],"twitter_card":"summary_large_image","twitter_misc":{"Est. reading time":"2 minutes"},"schema":{"@context":"https:\/\/schema.org","@graph":[{"@type":"WebPage","@id":"https:\/\/www.ell-group.com\/en\/kpo-pl\/","url":"https:\/\/www.ell-group.com\/en\/kpo-pl\/","name":"KPO (pl) - ELL Austria","isPartOf":{"@id":"https:\/\/www.ell-group.com\/en\/#website"},"primaryImageOfPage":{"@id":"https:\/\/www.ell-group.com\/en\/kpo-pl\/#primaryimage"},"image":{"@id":"https:\/\/www.ell-group.com\/en\/kpo-pl\/#primaryimage"},"thumbnailUrl":"https:\/\/www.ell-group.com\/wp-content\/uploads\/2025\/09\/KPO-Logos.jpg","datePublished":"2025-09-30T08:50:13+00:00","breadcrumb":{"@id":"https:\/\/www.ell-group.com\/en\/kpo-pl\/#breadcrumb"},"inLanguage":"en-US","potentialAction":[{"@type":"ReadAction","target":["https:\/\/www.ell-group.com\/en\/kpo-pl\/"]}]},{"@type":"ImageObject","inLanguage":"en-US","@id":"https:\/\/www.ell-group.com\/en\/kpo-pl\/#primaryimage","url":"https:\/\/www.ell-group.com\/wp-content\/uploads\/2025\/09\/KPO-Logos.jpg","contentUrl":"https:\/\/www.ell-group.com\/wp-content\/uploads\/2025\/09\/KPO-Logos.jpg"},{"@type":"BreadcrumbList","@id":"https:\/\/www.ell-group.com\/en\/kpo-pl\/#breadcrumb","itemListElement":[{"@type":"ListItem","position":1,"name":"Startseite","item":"https:\/\/www.ell-group.com\/en\/home\/"},{"@type":"ListItem","position":2,"name":"European Union \ud83c\uddea\ud83c\uddfa","item":"https:\/\/www.ell-group.com\/en\/?page_id=5044"},{"@type":"ListItem","position":3,"name":"KPO (pl)"}]},{"@type":"WebSite","@id":"https:\/\/www.ell-group.com\/en\/#website","url":"https:\/\/www.ell-group.com\/en\/","name":"Ell Group","description":"European Locomotive Leasing","publisher":{"@id":"https:\/\/www.ell-group.com\/en\/#organization"},"potentialAction":[{"@type":"SearchAction","target":{"@type":"EntryPoint","urlTemplate":"https:\/\/www.ell-group.com\/en\/?s={search_term_string}"},"query-input":{"@type":"PropertyValueSpecification","valueRequired":true,"valueName":"search_term_string"}}],"inLanguage":"en-US"},{"@type":"Organization","@id":"https:\/\/www.ell-group.com\/en\/#organization","name":"Ell Austria GmbH","url":"https:\/\/www.ell-group.com\/en\/","logo":{"@type":"ImageObject","inLanguage":"en-US","@id":"https:\/\/www.ell-group.com\/en\/#\/schema\/logo\/image\/","url":"https:\/\/www.ell-group.com\/wp-content\/uploads\/2024\/04\/ell-logo-quadrat.jpeg","contentUrl":"https:\/\/www.ell-group.com\/wp-content\/uploads\/2024\/04\/ell-logo-quadrat.jpeg","width":337,"height":337,"caption":"Ell Austria GmbH"},"image":{"@id":"https:\/\/www.ell-group.com\/en\/#\/schema\/logo\/image\/"},"sameAs":["https:\/\/www.linkedin.com\/company\/ell-european-locomotive-leasing\/"]}]}},"_links":{"self":[{"href":"https:\/\/www.ell-group.com\/en\/wp-json\/wp\/v2\/pages\/5045","targetHints":{"allow":["GET"]}}],"collection":[{"href":"https:\/\/www.ell-group.com\/en\/wp-json\/wp\/v2\/pages"}],"about":[{"href":"https:\/\/www.ell-group.com\/en\/wp-json\/wp\/v2\/types\/page"}],"author":[{"embeddable":true,"href":"https:\/\/www.ell-group.com\/en\/wp-json\/wp\/v2\/users\/8"}],"replies":[{"embeddable":true,"href":"https:\/\/www.ell-group.com\/en\/wp-json\/wp\/v2\/comments?post=5045"}],"version-history":[{"count":0,"href":"https:\/\/www.ell-group.com\/en\/wp-json\/wp\/v2\/pages\/5045\/revisions"}],"wp:attachment":[{"href":"https:\/\/www.ell-group.com\/en\/wp-json\/wp\/v2\/media?parent=5045"}],"curies":[{"name":"wp","href":"https:\/\/api.w.org\/{rel}","templated":true}]}}